{"id":128,"date":"2021-05-15T12:17:19","date_gmt":"2021-05-15T12:17:19","guid":{"rendered":"https:\/\/www.laatuis.fi\/?page_id=128"},"modified":"2023-09-11T18:49:33","modified_gmt":"2023-09-11T18:49:33","slug":"asuinkiinteiston-isannointitehtavat","status":"publish","type":"page","link":"https:\/\/www.laatuis.fi\/index.php\/asuinkiinteiston-isannointitehtavat\/","title":{"rendered":"ASUINKIINTEIST\u00d6N IS\u00c4NN\u00d6INTITEHT\u00c4V\u00c4T"},"content":{"rendered":"\t\t<div data-elementor-type=\"wp-page\" data-elementor-id=\"128\" class=\"elementor elementor-128\">\n\t\t\t\t\t\t<section class=\"elementor-section elementor-top-section elementor-element elementor-element-14fa0890 elementor-section-boxed elementor-section-height-default elementor-section-height-default\" data-id=\"14fa0890\" data-element_type=\"section\" data-settings=\"{&quot;background_background&quot;:&quot;classic&quot;}\">\n\t\t\t\t\t\t\t<div class=\"elementor-background-overlay\"><\/div>\n\t\t\t\t\t\t\t<div class=\"elementor-container elementor-column-gap-default\">\n\t\t\t\t\t<div class=\"elementor-column elementor-col-100 elementor-top-column elementor-element elementor-element-c1add22\" data-id=\"c1add22\" data-element_type=\"column\">\n\t\t\t<div class=\"elementor-widget-wrap elementor-element-populated\">\n\t\t\t\t\t\t<div class=\"elementor-element elementor-element-10808cfd elementor-widget elementor-widget-heading\" data-id=\"10808cfd\" data-element_type=\"widget\" data-widget_type=\"heading.default\">\n\t\t\t\t<div class=\"elementor-widget-container\">\n\t\t\t\t\t<h2 class=\"elementor-heading-title elementor-size-default\">LAATUVALVONTA<\/h2>\t\t\t\t<\/div>\n\t\t\t\t<\/div>\n\t\t\t\t\t<\/div>\n\t\t<\/div>\n\t\t\t\t\t<\/div>\n\t\t<\/section>\n\t\t\t\t<section class=\"elementor-section elementor-top-section elementor-element elementor-element-9edb07f elementor-section-boxed elementor-section-height-default elementor-section-height-default\" data-id=\"9edb07f\" data-element_type=\"section\">\n\t\t\t\t\t\t<div class=\"elementor-container elementor-column-gap-default\">\n\t\t\t\t\t<div class=\"elementor-column elementor-col-100 elementor-top-column elementor-element elementor-element-799d543\" data-id=\"799d543\" data-element_type=\"column\">\n\t\t\t<div class=\"elementor-widget-wrap elementor-element-populated\">\n\t\t\t\t\t\t<div class=\"elementor-element elementor-element-fbf3098 elementor-widget elementor-widget-heading\" data-id=\"fbf3098\" data-element_type=\"widget\" data-widget_type=\"heading.default\">\n\t\t\t\t<div class=\"elementor-widget-container\">\n\t\t\t\t\t<h2 class=\"elementor-heading-title elementor-size-xl\">Laatuvalvonta<\/h2>\t\t\t\t<\/div>\n\t\t\t\t<\/div>\n\t\t\t\t\t<\/div>\n\t\t<\/div>\n\t\t\t\t\t<\/div>\n\t\t<\/section>\n\t\t\t\t<section class=\"elementor-section elementor-top-section elementor-element elementor-element-c8939f elementor-section-boxed elementor-section-height-default elementor-section-height-default\" data-id=\"c8939f\" data-element_type=\"section\">\n\t\t\t\t\t\t<div class=\"elementor-container elementor-column-gap-default\">\n\t\t\t\t\t<div class=\"elementor-column elementor-col-100 elementor-top-column elementor-element elementor-element-7bb19062\" data-id=\"7bb19062\" data-element_type=\"column\">\n\t\t\t<div class=\"elementor-widget-wrap elementor-element-populated\">\n\t\t\t\t\t\t<div class=\"elementor-element elementor-element-2eac416a elementor-widget elementor-widget-text-editor\" data-id=\"2eac416a\" data-element_type=\"widget\" data-widget_type=\"text-editor.default\">\n\t\t\t\t<div class=\"elementor-widget-container\">\n\t\t\t\t\t\t\t\t\t<p>Pystymme valvomaan vaativia rakennusty\u00f6kohteita, ja toimia niiss\u00e4 vastaavana ty\u00f6njohtajana.<\/p><p>Vastaava ty\u00f6njohtaja ohjaa ty\u00f6maiden toteutuksen suunnitelmien mukaisesti. Valvonta on ennakoivaa toimintaa rakennushankkeen kaikkien sidosryhmien eduksi. Valvonta v\u00e4hent\u00e4\u00e4 rakennusvirheit\u00e4 ja niist\u00e4 syntyvi\u00e4 turhia kustannuksia.<\/p><p>Ty\u00f6maak\u00e4yneill\u00e4 valvomme ty\u00f6turvallisuutta, ty\u00f6n laatua ja toteutuksen aikataulua sek\u00e4 taloudellisuutta. Valvojan tulee ilmoittaa havainnoistaan ajoissa urakoitsijalle virheiden minimoimiseksi (ennalta ehk\u00e4isy).<\/p><p><span style=\"font-size: 18px;\">Teknisell\u00e4 valvonnalla ja laadunvalvonnalla varmistetaan rakentamisen suorittaminen teknisesti oikein ja suunnitelmanmukaisesti, jotta kunnollinen lopputulos saavutetaan<\/span><\/p><p>Taloudellisella valvonnalla varmistetaan, ett\u00e4 laskut ovat perusteeltaan sopimuksenmukaisia ja tilattavat ty\u00f6t ovat oikein ja kohtuudenmukaisesti hinnoiteltuja<\/p><p>Meilt\u00e4 l\u00f6ytyy my\u00f6s p\u00e4\u00e4suunnittelija kohteisiinne. P\u00e4\u00e4suunnittelija koordinoi suunnitteluvaiheen ja erikoissuunnitelmien yhteen sopivuuden ja avustaa tilaajaa rakennuslupien hakemisessa.<\/p><p>\u00a0<\/p><p>\u00a0<\/p><p><strong>Palveluvalikoimassamme ovat esimerkiksi<\/strong><\/p><ul><li>Energiatodistukset<\/li><li>pelastussuunnitelmat<\/li><li>kunnossapitotarveselvitykset<\/li><li>leikkipaikkojen turvallisuustarkastukset<\/li><li>m\u00e4rk\u00e4tilakatselmukset<\/li><li>vedeneristyst\u00f6iden valvonta\u00a0<\/li><\/ul>\t\t\t\t\t\t\t\t<\/div>\n\t\t\t\t<\/div>\n\t\t\t\t<div class=\"elementor-element elementor-element-e53ad49 elementor-align-left elementor-widget elementor-widget-button\" data-id=\"e53ad49\" data-element_type=\"widget\" data-widget_type=\"button.default\">\n\t\t\t\t<div class=\"elementor-widget-container\">\n\t\t\t\t\t\t\t\t\t<div class=\"elementor-button-wrapper\">\n\t\t\t\t\t<a class=\"elementor-button elementor-button-link elementor-size-sm\" href=\"https:\/\/www.laatuis.fi\/index.php\/lakisaateiset-palvelumme\/\">\n\t\t\t\t\t\t<span class=\"elementor-button-content-wrapper\">\n\t\t\t\t\t\t\t\t\t<span class=\"elementor-button-text\">Hinnasto<\/span>\n\t\t\t\t\t<\/span>\n\t\t\t\t\t<\/a>\n\t\t\t\t<\/div>\n\t\t\t\t\t\t\t\t<\/div>\n\t\t\t\t<\/div>\n\t\t\t\t<div class=\"elementor-element elementor-element-519316f0 elementor-align-left elementor-widget elementor-widget-button\" data-id=\"519316f0\" data-element_type=\"widget\" data-widget_type=\"button.default\">\n\t\t\t\t<div class=\"elementor-widget-container\">\n\t\t\t\t\t\t\t\t\t<div class=\"elementor-button-wrapper\">\n\t\t\t\t\t<a class=\"elementor-button elementor-button-link elementor-size-sm\" href=\"https:\/\/www.laatuis.fi\/index.php\/yhteydenotto\/\">\n\t\t\t\t\t\t<span class=\"elementor-button-content-wrapper\">\n\t\t\t\t\t\t\t\t\t<span class=\"elementor-button-text\">Ota Yhteytt\u00e4<\/span>\n\t\t\t\t\t<\/span>\n\t\t\t\t\t<\/a>\n\t\t\t\t<\/div>\n\t\t\t\t\t\t\t\t<\/div>\n\t\t\t\t<\/div>\n\t\t\t\t\t<\/div>\n\t\t<\/div>\n\t\t\t\t\t<\/div>\n\t\t<\/section>\n\t\t\t\t<section class=\"elementor-section elementor-top-section elementor-element elementor-element-6040310 elementor-section-boxed elementor-section-height-default elementor-section-height-default\" data-id=\"6040310\" data-element_type=\"section\">\n\t\t\t\t\t\t<div class=\"elementor-container elementor-column-gap-default\">\n\t\t\t\t\t<div class=\"elementor-column elementor-col-100 elementor-top-column elementor-element elementor-element-84db2f7\" data-id=\"84db2f7\" data-element_type=\"column\">\n\t\t\t<div class=\"elementor-widget-wrap elementor-element-populated\">\n\t\t\t\t\t\t\t<\/div>\n\t\t<\/div>\n\t\t\t\t\t<\/div>\n\t\t<\/section>\n\t\t\t\t<\/div>\n\t\t","protected":false},"excerpt":{"rendered":"<p>LAATUVALVONTA Laatuvalvonta Pystymme valvomaan vaativia rakennusty\u00f6kohteita, ja toimia niiss\u00e4 vastaavana ty\u00f6njohtajana. Vastaava ty\u00f6njohtaja ohjaa ty\u00f6maiden toteutuksen suunnitelmien mukaisesti. Valvonta on ennakoivaa toimintaa rakennushankkeen kaikkien sidosryhmien eduksi. Valvonta v\u00e4hent\u00e4\u00e4 rakennusvirheit\u00e4 ja &#8230;<\/p>\n","protected":false},"author":1,"featured_media":794,"parent":0,"menu_order":0,"comment_status":"closed","ping_status":"closed","template":"elementor_header_footer","meta":{"footnotes":""},"_links":{"self":[{"href":"https:\/\/www.laatuis.fi\/index.php\/wp-json\/wp\/v2\/pages\/128"}],"collection":[{"href":"https:\/\/www.laatuis.fi\/index.php\/wp-json\/wp\/v2\/pages"}],"about":[{"href":"https:\/\/www.laatuis.fi\/index.php\/wp-json\/wp\/v2\/types\/page"}],"author":[{"embeddable":true,"href":"https:\/\/www.laatuis.fi\/index.php\/wp-json\/wp\/v2\/users\/1"}],"replies":[{"embeddable":true,"href":"https:\/\/www.laatuis.fi\/index.php\/wp-json\/wp\/v2\/comments?post=128"}],"version-history":[{"count":47,"href":"https:\/\/www.laatuis.fi\/index.php\/wp-json\/wp\/v2\/pages\/128\/revisions"}],"predecessor-version":[{"id":1175,"href":"https:\/\/www.laatuis.fi\/index.php\/wp-json\/wp\/v2\/pages\/128\/revisions\/1175"}],"wp:featuredmedia":[{"embeddable":true,"href":"https:\/\/www.laatuis.fi\/index.php\/wp-json\/wp\/v2\/media\/794"}],"wp:attachment":[{"href":"https:\/\/www.laatuis.fi\/index.php\/wp-json\/wp\/v2\/media?parent=128"}],"curies":[{"name":"wp","href":"https:\/\/api.w.org\/{rel}","templated":true}]}}